{"id":7617,"date":"2025-07-18T11:55:30","date_gmt":"2025-07-18T11:55:30","guid":{"rendered":"https:\/\/growgood.fr\/?page_id=7617"},"modified":"2025-07-22T12:14:51","modified_gmt":"2025-07-22T12:14:51","slug":"conditions-generales-dutilisation","status":"publish","type":"page","link":"https:\/\/growgood.fr\/index.php\/conditions-generales-dutilisation\/","title":{"rendered":"Conditions G\u00e9n\u00e9rales d&rsquo;Utilisation"},"content":{"rendered":"\n<p><strong>En vigueur au 01.01.2023<\/strong><\/p>\n\n\n\n<p>Conform\u00e9ment aux dispositions des Articles 6-III et 19 de la Loi n\u00b02004-575 du 21 juin 2004 pour la Confiance dans l\u2019\u00e9conomie num\u00e9rique, dite L.C.E.N., il est port\u00e9 \u00e0 la connaissance des utilisateurs et visiteurs, ci-apr\u00e8s l\u2019\u00a0\u00bbUtilisateur\u00a0\u00bb, du site www.growgood.fr , ci-apr\u00e8s le \u00ab\u00a0Site\u00a0\u00bb, les pr\u00e9sentes mentions l\u00e9gales.<\/p>\n\n\n\n<p>La connexion et la navigation sur le Site par l\u2019Utilisateur implique acceptation int\u00e9grale et sans r\u00e9serve des mentions l\u00e9gales pr\u00e9sentes accessibles sur le Site \u00e0 la rubrique \u00ab Mentions l\u00e9gales \u00bb, et des conditions g\u00e9n\u00e9rales d\u2019utilisation ci-dessous.<\/p>\n\n\n\n<h2 class=\"wp-block-heading\"><strong>ARTICLE 1 &#8211; ACCES AU SITE<\/strong><\/h2>\n\n\n\n<p>Le Site est accessible en tout endroit, 7j\/7, 24h\/24 sauf cas de force majeure, interruption programm\u00e9e ou non et pouvant d\u00e9coulant d\u2019une n\u00e9cessit\u00e9 de maintenance.<\/p>\n\n\n\n<p>En cas de modification, interruption ou suspension du Site, l&rsquo;Editeur ne saurait \u00eatre tenu responsable.<\/p>\n\n\n\n<h2 class=\"wp-block-heading\"><strong>ARTICLE 2 &#8211; Propri\u00e9t\u00e9 INTELLECTUELLE<\/strong><\/h2>\n\n\n\n<p>Le site et chacun des \u00e9l\u00e9ments, y compris mais sans limitation les marques, les logos, ic\u00f4nes, infographies, photographies, qui le composent sont prot\u00e9g\u00e9s au titre de la l\u00e9gislation internationale de la propri\u00e9t\u00e9 intellectuelle. Les contenus figurant sur le site sont la propri\u00e9t\u00e9 de Growgood ou d\u2019autres entreprises. Toute utilisation, reproduction ou repr\u00e9sentation, par quelque proc\u00e9d\u00e9 que ce soit, et sur quelque support que ce soit, de tout ou partie du site et\/ou des \u00e9l\u00e9ments qui le composent n&rsquo;est pas autoris\u00e9e sans le consentement expresse de la soci\u00e9t\u00e9 Growgood.<\/p>\n\n\n\n<p>Toute utilisation, reproduction, diffusion, commercialisation, modification de toute ou partie du Site, sans autorisation de l\u2019Editeur est prohib\u00e9e et pourra entra\u00een\u00e9e des actions et poursuites judiciaires telles que notamment pr\u00e9vues par le Code de la propri\u00e9t\u00e9 intellectuelle et le Code civil.<\/p>\n\n\n\n<h2 class=\"wp-block-heading\"><strong>ARTICLE 3 &#8211; COOKIES&nbsp;<\/strong><\/h2>\n\n\n\n<p>Le site\u00a0www.growgood.fr peut-\u00eatre amen\u00e9 \u00e0 demander l\u2019acceptation des cookies pour des besoins de statistiques et d\u2019affichage. Un cookie est une information d\u00e9pos\u00e9e sur le disque dur par le serveur du site visit\u00e9. Il contient plusieurs donn\u00e9es qui sont stock\u00e9es sur l\u2019ordinateur de l\u2019Utilisateur dans un simple fichier texte auquel un serveur acc\u00e8de pour lire et enregistrer des informations . Certaines parties du Site ne peuvent \u00eatre fonctionnelles sans l\u2019acceptation de cookies.<\/p>\n\n\n\n<h2 class=\"wp-block-heading\"><strong>ARTICLE 4 &#8211; Collecte des DONNEES PERSONNELLES<\/strong><\/h2>\n\n\n\n<p>Le Site assure \u00e0 l&rsquo;Utilisateur une collecte et un traitement d\u2019informations personnelles dans le respect de la vie priv\u00e9e conform\u00e9ment \u00e0 la loi n\u00b078-17 du 6 janvier 1978 relative \u00e0 l&rsquo;informatique, aux fichiers et aux libert\u00e9s.<\/p>\n\n\n\n<p>D&rsquo;une fa\u00e7on g\u00e9n\u00e9rale, le Site est accessible sur Internet sans avoir \u00e0 d\u00e9cliner son identit\u00e9 et \u00e0 fournir des informations personnelles. Cependant, il peut etre demand\u00e9 \u00e0 l\u2019Utilisateur des informations, par exemple, pour traiter une commande, \u00e9tablir une correspondance, prendre un rendez-vous ou soumettre une candidature \u00e0 un poste.<\/p>\n\n\n\n<p>En vertu de la loi Informatique et Libert\u00e9s, en date du 6 janvier 1978, l&rsquo;Utilisateur dispose d&rsquo;un droit d&rsquo;acc\u00e8s, de rectification, de suppression et d&rsquo;opposition de ses donn\u00e9es personnelles.&nbsp;<\/p>\n\n\n\n<p>L\u2019Utilisateur exerce ce droit par mail \u00e0 l&rsquo;adresse email : dpo@growgood.fr<\/p>\n\n\n\n<figure class=\"wp-block-image size-full is-resized\"><img loading=\"lazy\" decoding=\"async\" width=\"717\" height=\"264\" src=\"https:\/\/growgood.fr\/wp-content\/uploads\/2024\/11\/GrowGood-Logo-RVB.png\" alt=\"Mentions l\u00e9gales; rse\" class=\"wp-image-100\" style=\"width:259px;height:auto\" srcset=\"https:\/\/growgood.fr\/wp-content\/uploads\/2024\/11\/GrowGood-Logo-RVB.png 717w, https:\/\/growgood.fr\/wp-content\/uploads\/2024\/11\/GrowGood-Logo-RVB-300x110.png 300w\" sizes=\"auto, (max-width: 717px) 100vw, 717px\" \/><\/figure>\n","protected":false},"excerpt":{"rendered":"<p>En vigueur au 01.01.2023 Conform\u00e9ment aux dispositions des Articles 6-III et 19 de la Loi n\u00b02004-575 du 21 juin 2004 pour la Confiance dans l\u2019\u00e9conomie num\u00e9rique, dite L.C.E.N., il est port\u00e9 \u00e0 la connaissance des utilisateurs et visiteurs, ci-apr\u00e8s l\u2019\u00a0\u00bbUtilisateur\u00a0\u00bb, du site www.growgood.fr , ci-apr\u00e8s le \u00ab\u00a0Site\u00a0\u00bb, les pr\u00e9sentes mentions l\u00e9gales. La connexion et la &hellip; <\/p>\n<p class=\"link-more\"><a href=\"https:\/\/growgood.fr\/index.php\/conditions-generales-dutilisation\/\" class=\"more-link\">Lire la suite de<span class=\"screen-reader-text\">\u00ab\u00a0Conditions G\u00e9n\u00e9rales d&rsquo;Utilisation\u00a0\u00bb<\/span><\/a><\/p>\n","protected":false},"author":3,"featured_media":0,"parent":0,"menu_order":0,"comment_status":"closed","ping_status":"closed","template":"","meta":{"footnotes":""},"folder":[],"class_list":["post-7617","page","type-page","status-publish","hentry"],"yoast_head":"<!-- This site is optimized with the Yoast SEO plugin v25.6 - https:\/\/yoast.com\/wordpress\/plugins\/seo\/ -->\n<title>Conditions G\u00e9n\u00e9rales d&#039;Utilisation &#8211; Growgood<\/title>\n<meta name=\"description\" content=\"Consultez les mentions l\u00e9gales de Growgood, la start-up d\u00e9di\u00e9e \u00e0 la transition \u00e9cologique des entreprises.\" \/>\n<meta name=\"robots\" content=\"index, follow, max-snippet:-1, max-image-preview:large, max-video-preview:-1\" \/>\n<link rel=\"canonical\" href=\"https:\/\/growgood.fr\/index.php\/conditions-generales-dutilisation\/\" \/>\n<meta property=\"og:locale\" content=\"fr_FR\" \/>\n<meta property=\"og:type\" content=\"article\" \/>\n<meta property=\"og:title\" content=\"Conditions G\u00e9n\u00e9rales d&#039;Utilisation &#8211; Growgood\" \/>\n<meta property=\"og:description\" content=\"Consultez les mentions l\u00e9gales de Growgood, la start-up d\u00e9di\u00e9e \u00e0 la transition \u00e9cologique des entreprises.\" \/>\n<meta property=\"og:url\" content=\"https:\/\/growgood.fr\/index.php\/conditions-generales-dutilisation\/\" \/>\n<meta property=\"og:site_name\" content=\"Growgood\" \/>\n<meta property=\"article:modified_time\" content=\"2025-07-22T12:14:51+00:00\" \/>\n<meta property=\"og:image\" content=\"https:\/\/growgood.fr\/wp-content\/uploads\/2024\/11\/GrowGood-Logo-RVB.png\" \/>\n\t<meta property=\"og:image:width\" content=\"717\" \/>\n\t<meta property=\"og:image:height\" content=\"264\" \/>\n\t<meta property=\"og:image:type\" content=\"image\/png\" \/>\n<meta name=\"twitter:card\" content=\"summary_large_image\" \/>\n<meta name=\"twitter:label1\" content=\"Dur\u00e9e de lecture estim\u00e9e\" \/>\n\t<meta name=\"twitter:data1\" content=\"3 minutes\" \/>\n<script type=\"application\/ld+json\" class=\"yoast-schema-graph\">{\"@context\":\"https:\/\/schema.org\",\"@graph\":[{\"@type\":\"WebPage\",\"@id\":\"https:\/\/growgood.fr\/index.php\/conditions-generales-dutilisation\/\",\"url\":\"https:\/\/growgood.fr\/index.php\/conditions-generales-dutilisation\/\",\"name\":\"Conditions G\u00e9n\u00e9rales d'Utilisation &#8211; Growgood\",\"isPartOf\":{\"@id\":\"https:\/\/growgood.fr\/#website\"},\"primaryImageOfPage\":{\"@id\":\"https:\/\/growgood.fr\/index.php\/conditions-generales-dutilisation\/#primaryimage\"},\"image\":{\"@id\":\"https:\/\/growgood.fr\/index.php\/conditions-generales-dutilisation\/#primaryimage\"},\"thumbnailUrl\":\"https:\/\/growgood.fr\/wp-content\/uploads\/2024\/11\/GrowGood-Logo-RVB.png\",\"datePublished\":\"2025-07-18T11:55:30+00:00\",\"dateModified\":\"2025-07-22T12:14:51+00:00\",\"description\":\"Consultez les mentions l\u00e9gales de Growgood, la start-up d\u00e9di\u00e9e \u00e0 la transition \u00e9cologique des entreprises.\",\"breadcrumb\":{\"@id\":\"https:\/\/growgood.fr\/index.php\/conditions-generales-dutilisation\/#breadcrumb\"},\"inLanguage\":\"fr-FR\",\"potentialAction\":[{\"@type\":\"ReadAction\",\"target\":[\"https:\/\/growgood.fr\/index.php\/conditions-generales-dutilisation\/\"]}]},{\"@type\":\"ImageObject\",\"inLanguage\":\"fr-FR\",\"@id\":\"https:\/\/growgood.fr\/index.php\/conditions-generales-dutilisation\/#primaryimage\",\"url\":\"https:\/\/growgood.fr\/wp-content\/uploads\/2024\/11\/GrowGood-Logo-RVB.png\",\"contentUrl\":\"https:\/\/growgood.fr\/wp-content\/uploads\/2024\/11\/GrowGood-Logo-RVB.png\",\"width\":717,\"height\":264},{\"@type\":\"BreadcrumbList\",\"@id\":\"https:\/\/growgood.fr\/index.php\/conditions-generales-dutilisation\/#breadcrumb\",\"itemListElement\":[{\"@type\":\"ListItem\",\"position\":1,\"name\":\"Accueil\",\"item\":\"https:\/\/growgood.fr\/\"},{\"@type\":\"ListItem\",\"position\":2,\"name\":\"Conditions G\u00e9n\u00e9rales d&rsquo;Utilisation\"}]},{\"@type\":\"WebSite\",\"@id\":\"https:\/\/growgood.fr\/#website\",\"url\":\"https:\/\/growgood.fr\/\",\"name\":\"Growgood\",\"description\":\"Cultivez des salari\u00e9s heureux\",\"publisher\":{\"@id\":\"https:\/\/growgood.fr\/#organization\"},\"potentialAction\":[{\"@type\":\"SearchAction\",\"target\":{\"@type\":\"EntryPoint\",\"urlTemplate\":\"https:\/\/growgood.fr\/?s={search_term_string}\"},\"query-input\":{\"@type\":\"PropertyValueSpecification\",\"valueRequired\":true,\"valueName\":\"search_term_string\"}}],\"inLanguage\":\"fr-FR\"},{\"@type\":\"Organization\",\"@id\":\"https:\/\/growgood.fr\/#organization\",\"name\":\"Growgood\",\"url\":\"https:\/\/growgood.fr\/\",\"logo\":{\"@type\":\"ImageObject\",\"inLanguage\":\"fr-FR\",\"@id\":\"https:\/\/growgood.fr\/#\/schema\/logo\/image\/\",\"url\":\"https:\/\/growgood.fr\/wp-content\/uploads\/2024\/11\/cropped-GrowGood-Logo-RVB-300x300-1.jpg\",\"contentUrl\":\"https:\/\/growgood.fr\/wp-content\/uploads\/2024\/11\/cropped-GrowGood-Logo-RVB-300x300-1.jpg\",\"width\":512,\"height\":512,\"caption\":\"Growgood\"},\"image\":{\"@id\":\"https:\/\/growgood.fr\/#\/schema\/logo\/image\/\"}}]}<\/script>\n<!-- \/ Yoast SEO plugin. -->","yoast_head_json":{"title":"Conditions G\u00e9n\u00e9rales d'Utilisation &#8211; Growgood","description":"Consultez les mentions l\u00e9gales de Growgood, la start-up d\u00e9di\u00e9e \u00e0 la transition \u00e9cologique des entreprises.","robots":{"index":"index","follow":"follow","max-snippet":"max-snippet:-1","max-image-preview":"max-image-preview:large","max-video-preview":"max-video-preview:-1"},"canonical":"https:\/\/growgood.fr\/index.php\/conditions-generales-dutilisation\/","og_locale":"fr_FR","og_type":"article","og_title":"Conditions G\u00e9n\u00e9rales d'Utilisation &#8211; Growgood","og_description":"Consultez les mentions l\u00e9gales de Growgood, la start-up d\u00e9di\u00e9e \u00e0 la transition \u00e9cologique des entreprises.","og_url":"https:\/\/growgood.fr\/index.php\/conditions-generales-dutilisation\/","og_site_name":"Growgood","article_modified_time":"2025-07-22T12:14:51+00:00","og_image":[{"width":717,"height":264,"url":"https:\/\/growgood.fr\/wp-content\/uploads\/2024\/11\/GrowGood-Logo-RVB.png","type":"image\/png"}],"twitter_card":"summary_large_image","twitter_misc":{"Dur\u00e9e de lecture estim\u00e9e":"3 minutes"},"schema":{"@context":"https:\/\/schema.org","@graph":[{"@type":"WebPage","@id":"https:\/\/growgood.fr\/index.php\/conditions-generales-dutilisation\/","url":"https:\/\/growgood.fr\/index.php\/conditions-generales-dutilisation\/","name":"Conditions G\u00e9n\u00e9rales d'Utilisation &#8211; Growgood","isPartOf":{"@id":"https:\/\/growgood.fr\/#website"},"primaryImageOfPage":{"@id":"https:\/\/growgood.fr\/index.php\/conditions-generales-dutilisation\/#primaryimage"},"image":{"@id":"https:\/\/growgood.fr\/index.php\/conditions-generales-dutilisation\/#primaryimage"},"thumbnailUrl":"https:\/\/growgood.fr\/wp-content\/uploads\/2024\/11\/GrowGood-Logo-RVB.png","datePublished":"2025-07-18T11:55:30+00:00","dateModified":"2025-07-22T12:14:51+00:00","description":"Consultez les mentions l\u00e9gales de Growgood, la start-up d\u00e9di\u00e9e \u00e0 la transition \u00e9cologique des entreprises.","breadcrumb":{"@id":"https:\/\/growgood.fr\/index.php\/conditions-generales-dutilisation\/#breadcrumb"},"inLanguage":"fr-FR","potentialAction":[{"@type":"ReadAction","target":["https:\/\/growgood.fr\/index.php\/conditions-generales-dutilisation\/"]}]},{"@type":"ImageObject","inLanguage":"fr-FR","@id":"https:\/\/growgood.fr\/index.php\/conditions-generales-dutilisation\/#primaryimage","url":"https:\/\/growgood.fr\/wp-content\/uploads\/2024\/11\/GrowGood-Logo-RVB.png","contentUrl":"https:\/\/growgood.fr\/wp-content\/uploads\/2024\/11\/GrowGood-Logo-RVB.png","width":717,"height":264},{"@type":"BreadcrumbList","@id":"https:\/\/growgood.fr\/index.php\/conditions-generales-dutilisation\/#breadcrumb","itemListElement":[{"@type":"ListItem","position":1,"name":"Accueil","item":"https:\/\/growgood.fr\/"},{"@type":"ListItem","position":2,"name":"Conditions G\u00e9n\u00e9rales d&rsquo;Utilisation"}]},{"@type":"WebSite","@id":"https:\/\/growgood.fr\/#website","url":"https:\/\/growgood.fr\/","name":"Growgood","description":"Cultivez des salari\u00e9s heureux","publisher":{"@id":"https:\/\/growgood.fr\/#organization"},"potentialAction":[{"@type":"SearchAction","target":{"@type":"EntryPoint","urlTemplate":"https:\/\/growgood.fr\/?s={search_term_string}"},"query-input":{"@type":"PropertyValueSpecification","valueRequired":true,"valueName":"search_term_string"}}],"inLanguage":"fr-FR"},{"@type":"Organization","@id":"https:\/\/growgood.fr\/#organization","name":"Growgood","url":"https:\/\/growgood.fr\/","logo":{"@type":"ImageObject","inLanguage":"fr-FR","@id":"https:\/\/growgood.fr\/#\/schema\/logo\/image\/","url":"https:\/\/growgood.fr\/wp-content\/uploads\/2024\/11\/cropped-GrowGood-Logo-RVB-300x300-1.jpg","contentUrl":"https:\/\/growgood.fr\/wp-content\/uploads\/2024\/11\/cropped-GrowGood-Logo-RVB-300x300-1.jpg","width":512,"height":512,"caption":"Growgood"},"image":{"@id":"https:\/\/growgood.fr\/#\/schema\/logo\/image\/"}}]}},"featured_media_urls":[],"_links":{"self":[{"href":"https:\/\/growgood.fr\/index.php\/wp-json\/wp\/v2\/pages\/7617","targetHints":{"allow":["GET"]}}],"collection":[{"href":"https:\/\/growgood.fr\/index.php\/wp-json\/wp\/v2\/pages"}],"about":[{"href":"https:\/\/growgood.fr\/index.php\/wp-json\/wp\/v2\/types\/page"}],"author":[{"embeddable":true,"href":"https:\/\/growgood.fr\/index.php\/wp-json\/wp\/v2\/users\/3"}],"replies":[{"embeddable":true,"href":"https:\/\/growgood.fr\/index.php\/wp-json\/wp\/v2\/comments?post=7617"}],"version-history":[{"count":4,"href":"https:\/\/growgood.fr\/index.php\/wp-json\/wp\/v2\/pages\/7617\/revisions"}],"predecessor-version":[{"id":7637,"href":"https:\/\/growgood.fr\/index.php\/wp-json\/wp\/v2\/pages\/7617\/revisions\/7637"}],"wp:attachment":[{"href":"https:\/\/growgood.fr\/index.php\/wp-json\/wp\/v2\/media?parent=7617"}],"wp:term":[{"taxonomy":"folder","embeddable":true,"href":"https:\/\/growgood.fr\/index.php\/wp-json\/wp\/v2\/folder?post=7617"}],"curies":[{"name":"wp","href":"https:\/\/api.w.org\/{rel}","templated":true}]}}