{"id":7175,"date":"2024-12-20T14:16:53","date_gmt":"2024-12-20T14:16:53","guid":{"rendered":"https:\/\/growgood.strategia-test.com\/?page_id=7175"},"modified":"2025-04-18T14:09:03","modified_gmt":"2025-04-18T14:09:03","slug":"mentions-legales","status":"publish","type":"page","link":"https:\/\/growgood.fr\/index.php\/mentions-legales\/","title":{"rendered":"Mentions l\u00e9gales"},"content":{"rendered":"\n<h2 class=\"wp-block-heading\">Infos et contact<\/h2>\n\n\n\n<p>GROWGOOD SAS est une soci\u00e9t\u00e9 de services et de conseils en RSE.<\/p>\n\n\n\n<ul class=\"wp-block-list\">\n<li>16 rue Pharaon \u2013 31000 Toulouse<\/li>\n\n\n\n<li>SAS au capital de 5 000 \u20ac<\/li>\n\n\n\n<li>RCS Toulouse 908 313 935<\/li>\n\n\n\n<li>TVA intracommunautaire : FR 66908313935<\/li>\n<\/ul>\n\n\n\n<h2 class=\"wp-block-heading\">Directeur de la publication<\/h2>\n\n\n\n<p>Juliette CARRAY \u2013 Pr\u00e9sidente de GROWGOOD SAS<\/p>\n\n\n\n<h2 class=\"wp-block-heading\">H\u00e9bergeur du site<\/h2>\n\n\n\n<p>Ce site est h\u00e9berg\u00e9 par la <a href=\"https:\/\/www.ovhcloud.com\/fr\/\">soci\u00e9t\u00e9 OVH<\/a> :<\/p>\n\n\n\n<ul class=\"wp-block-list\">\n<li>http:\/\/www.ovh.com<\/li>\n\n\n\n<li>OVH SAS au capital de 10 069 020 \u20ac<\/li>\n\n\n\n<li>RCS Lille M\u00e9tropole 424 761 419 00045<\/li>\n\n\n\n<li>Si\u00e8ge social : 2 rue Kellermann \u2013 59100 Roubaix \u2013 France<\/li>\n\n\n\n<li>T\u00e9l\u00e9phone : 08 203 203 63&nbsp;<\/li>\n\n\n\n<li>Service commercial : 1007<\/li>\n<\/ul>\n\n\n\n<h2 class=\"wp-block-heading\">Informations contacts<\/h2>\n\n\n\n<ul class=\"wp-block-list\">\n<li>Contact commercial  : contact@growgood.fr <\/li>\n\n\n\n<li>Contact technique : admin@growgood.fr<\/li>\n\n\n\n<li>D\u00e9l\u00e9gu\u00e9 \u00e0 la Protection des donn\u00e9es : dpo@growgood.fr<\/li>\n<\/ul>\n\n\n\n<figure class=\"wp-block-image size-full is-resized\"><img loading=\"lazy\" decoding=\"async\" width=\"717\" height=\"264\" src=\"https:\/\/growgood.fr\/wp-content\/uploads\/2024\/11\/GrowGood-Logo-RVB.png\" alt=\"Mentions l\u00e9gales; rse\" class=\"wp-image-100\" style=\"width:259px;height:auto\" srcset=\"https:\/\/growgood.fr\/wp-content\/uploads\/2024\/11\/GrowGood-Logo-RVB.png 717w, https:\/\/growgood.fr\/wp-content\/uploads\/2024\/11\/GrowGood-Logo-RVB-300x110.png 300w\" sizes=\"auto, (max-width: 717px) 100vw, 717px\" \/><\/figure>\n","protected":false},"excerpt":{"rendered":"<p>Infos et contact GROWGOOD SAS est une soci\u00e9t\u00e9 de services et de conseils en RSE. Directeur de la publication Juliette CARRAY \u2013 Pr\u00e9sidente de GROWGOOD SAS H\u00e9bergeur du site Ce site est h\u00e9berg\u00e9 par la soci\u00e9t\u00e9 OVH : Informations contacts<\/p>\n","protected":false},"author":3,"featured_media":0,"parent":0,"menu_order":0,"comment_status":"closed","ping_status":"closed","template":"","meta":{"footnotes":""},"folder":[],"class_list":["post-7175","page","type-page","status-publish","hentry"],"yoast_head":"<!-- This site is optimized with the Yoast SEO plugin v25.6 - https:\/\/yoast.com\/wordpress\/plugins\/seo\/ -->\n<title>Mentions l\u00e9gales &#8211; Growgood<\/title>\n<meta name=\"description\" content=\"Consultez les mentions l\u00e9gales de Growgood, la start-up d\u00e9di\u00e9e \u00e0 la transition \u00e9cologique des entreprises.\" \/>\n<meta name=\"robots\" content=\"index, follow, max-snippet:-1, max-image-preview:large, max-video-preview:-1\" \/>\n<link rel=\"canonical\" href=\"https:\/\/growgood.fr\/index.php\/mentions-legales\/\" \/>\n<meta property=\"og:locale\" content=\"fr_FR\" \/>\n<meta property=\"og:type\" content=\"article\" \/>\n<meta property=\"og:title\" content=\"Mentions l\u00e9gales &#8211; Growgood\" \/>\n<meta property=\"og:description\" content=\"Consultez les mentions l\u00e9gales de Growgood, la start-up d\u00e9di\u00e9e \u00e0 la transition \u00e9cologique des entreprises.\" \/>\n<meta property=\"og:url\" content=\"https:\/\/growgood.fr\/index.php\/mentions-legales\/\" \/>\n<meta property=\"og:site_name\" content=\"Growgood\" \/>\n<meta property=\"article:modified_time\" content=\"2025-04-18T14:09:03+00:00\" \/>\n<meta property=\"og:image\" content=\"https:\/\/growgood.fr\/wp-content\/uploads\/2024\/11\/GrowGood-Logo-RVB.png\" \/>\n<meta name=\"twitter:card\" content=\"summary_large_image\" \/>\n<meta name=\"twitter:label1\" content=\"Dur\u00e9e de lecture estim\u00e9e\" \/>\n\t<meta name=\"twitter:data1\" content=\"1 minute\" \/>\n<script type=\"application\/ld+json\" class=\"yoast-schema-graph\">{\"@context\":\"https:\/\/schema.org\",\"@graph\":[{\"@type\":\"WebPage\",\"@id\":\"https:\/\/growgood.fr\/index.php\/mentions-legales\/\",\"url\":\"https:\/\/growgood.fr\/index.php\/mentions-legales\/\",\"name\":\"Mentions l\u00e9gales &#8211; Growgood\",\"isPartOf\":{\"@id\":\"https:\/\/growgood.fr\/#website\"},\"primaryImageOfPage\":{\"@id\":\"https:\/\/growgood.fr\/index.php\/mentions-legales\/#primaryimage\"},\"image\":{\"@id\":\"https:\/\/growgood.fr\/index.php\/mentions-legales\/#primaryimage\"},\"thumbnailUrl\":\"https:\/\/growgood.fr\/wp-content\/uploads\/2024\/11\/GrowGood-Logo-RVB.png\",\"datePublished\":\"2024-12-20T14:16:53+00:00\",\"dateModified\":\"2025-04-18T14:09:03+00:00\",\"description\":\"Consultez les mentions l\u00e9gales de Growgood, la start-up d\u00e9di\u00e9e \u00e0 la transition \u00e9cologique des entreprises.\",\"breadcrumb\":{\"@id\":\"https:\/\/growgood.fr\/index.php\/mentions-legales\/#breadcrumb\"},\"inLanguage\":\"fr-FR\",\"potentialAction\":[{\"@type\":\"ReadAction\",\"target\":[\"https:\/\/growgood.fr\/index.php\/mentions-legales\/\"]}]},{\"@type\":\"ImageObject\",\"inLanguage\":\"fr-FR\",\"@id\":\"https:\/\/growgood.fr\/index.php\/mentions-legales\/#primaryimage\",\"url\":\"https:\/\/growgood.fr\/wp-content\/uploads\/2024\/11\/GrowGood-Logo-RVB.png\",\"contentUrl\":\"https:\/\/growgood.fr\/wp-content\/uploads\/2024\/11\/GrowGood-Logo-RVB.png\",\"width\":717,\"height\":264},{\"@type\":\"BreadcrumbList\",\"@id\":\"https:\/\/growgood.fr\/index.php\/mentions-legales\/#breadcrumb\",\"itemListElement\":[{\"@type\":\"ListItem\",\"position\":1,\"name\":\"Accueil\",\"item\":\"https:\/\/growgood.fr\/\"},{\"@type\":\"ListItem\",\"position\":2,\"name\":\"Mentions l\u00e9gales\"}]},{\"@type\":\"WebSite\",\"@id\":\"https:\/\/growgood.fr\/#website\",\"url\":\"https:\/\/growgood.fr\/\",\"name\":\"Growgood\",\"description\":\"Cultivez des salari\u00e9s heureux\",\"publisher\":{\"@id\":\"https:\/\/growgood.fr\/#organization\"},\"potentialAction\":[{\"@type\":\"SearchAction\",\"target\":{\"@type\":\"EntryPoint\",\"urlTemplate\":\"https:\/\/growgood.fr\/?s={search_term_string}\"},\"query-input\":{\"@type\":\"PropertyValueSpecification\",\"valueRequired\":true,\"valueName\":\"search_term_string\"}}],\"inLanguage\":\"fr-FR\"},{\"@type\":\"Organization\",\"@id\":\"https:\/\/growgood.fr\/#organization\",\"name\":\"Growgood\",\"url\":\"https:\/\/growgood.fr\/\",\"logo\":{\"@type\":\"ImageObject\",\"inLanguage\":\"fr-FR\",\"@id\":\"https:\/\/growgood.fr\/#\/schema\/logo\/image\/\",\"url\":\"https:\/\/growgood.fr\/wp-content\/uploads\/2024\/11\/cropped-GrowGood-Logo-RVB-300x300-1.jpg\",\"contentUrl\":\"https:\/\/growgood.fr\/wp-content\/uploads\/2024\/11\/cropped-GrowGood-Logo-RVB-300x300-1.jpg\",\"width\":512,\"height\":512,\"caption\":\"Growgood\"},\"image\":{\"@id\":\"https:\/\/growgood.fr\/#\/schema\/logo\/image\/\"}}]}<\/script>\n<!-- \/ Yoast SEO plugin. -->","yoast_head_json":{"title":"Mentions l\u00e9gales &#8211; Growgood","description":"Consultez les mentions l\u00e9gales de Growgood, la start-up d\u00e9di\u00e9e \u00e0 la transition \u00e9cologique des entreprises.","robots":{"index":"index","follow":"follow","max-snippet":"max-snippet:-1","max-image-preview":"max-image-preview:large","max-video-preview":"max-video-preview:-1"},"canonical":"https:\/\/growgood.fr\/index.php\/mentions-legales\/","og_locale":"fr_FR","og_type":"article","og_title":"Mentions l\u00e9gales &#8211; Growgood","og_description":"Consultez les mentions l\u00e9gales de Growgood, la start-up d\u00e9di\u00e9e \u00e0 la transition \u00e9cologique des entreprises.","og_url":"https:\/\/growgood.fr\/index.php\/mentions-legales\/","og_site_name":"Growgood","article_modified_time":"2025-04-18T14:09:03+00:00","og_image":[{"url":"https:\/\/growgood.fr\/wp-content\/uploads\/2024\/11\/GrowGood-Logo-RVB.png","type":"","width":"","height":""}],"twitter_card":"summary_large_image","twitter_misc":{"Dur\u00e9e de lecture estim\u00e9e":"1 minute"},"schema":{"@context":"https:\/\/schema.org","@graph":[{"@type":"WebPage","@id":"https:\/\/growgood.fr\/index.php\/mentions-legales\/","url":"https:\/\/growgood.fr\/index.php\/mentions-legales\/","name":"Mentions l\u00e9gales &#8211; Growgood","isPartOf":{"@id":"https:\/\/growgood.fr\/#website"},"primaryImageOfPage":{"@id":"https:\/\/growgood.fr\/index.php\/mentions-legales\/#primaryimage"},"image":{"@id":"https:\/\/growgood.fr\/index.php\/mentions-legales\/#primaryimage"},"thumbnailUrl":"https:\/\/growgood.fr\/wp-content\/uploads\/2024\/11\/GrowGood-Logo-RVB.png","datePublished":"2024-12-20T14:16:53+00:00","dateModified":"2025-04-18T14:09:03+00:00","description":"Consultez les mentions l\u00e9gales de Growgood, la start-up d\u00e9di\u00e9e \u00e0 la transition \u00e9cologique des entreprises.","breadcrumb":{"@id":"https:\/\/growgood.fr\/index.php\/mentions-legales\/#breadcrumb"},"inLanguage":"fr-FR","potentialAction":[{"@type":"ReadAction","target":["https:\/\/growgood.fr\/index.php\/mentions-legales\/"]}]},{"@type":"ImageObject","inLanguage":"fr-FR","@id":"https:\/\/growgood.fr\/index.php\/mentions-legales\/#primaryimage","url":"https:\/\/growgood.fr\/wp-content\/uploads\/2024\/11\/GrowGood-Logo-RVB.png","contentUrl":"https:\/\/growgood.fr\/wp-content\/uploads\/2024\/11\/GrowGood-Logo-RVB.png","width":717,"height":264},{"@type":"BreadcrumbList","@id":"https:\/\/growgood.fr\/index.php\/mentions-legales\/#breadcrumb","itemListElement":[{"@type":"ListItem","position":1,"name":"Accueil","item":"https:\/\/growgood.fr\/"},{"@type":"ListItem","position":2,"name":"Mentions l\u00e9gales"}]},{"@type":"WebSite","@id":"https:\/\/growgood.fr\/#website","url":"https:\/\/growgood.fr\/","name":"Growgood","description":"Cultivez des salari\u00e9s heureux","publisher":{"@id":"https:\/\/growgood.fr\/#organization"},"potentialAction":[{"@type":"SearchAction","target":{"@type":"EntryPoint","urlTemplate":"https:\/\/growgood.fr\/?s={search_term_string}"},"query-input":{"@type":"PropertyValueSpecification","valueRequired":true,"valueName":"search_term_string"}}],"inLanguage":"fr-FR"},{"@type":"Organization","@id":"https:\/\/growgood.fr\/#organization","name":"Growgood","url":"https:\/\/growgood.fr\/","logo":{"@type":"ImageObject","inLanguage":"fr-FR","@id":"https:\/\/growgood.fr\/#\/schema\/logo\/image\/","url":"https:\/\/growgood.fr\/wp-content\/uploads\/2024\/11\/cropped-GrowGood-Logo-RVB-300x300-1.jpg","contentUrl":"https:\/\/growgood.fr\/wp-content\/uploads\/2024\/11\/cropped-GrowGood-Logo-RVB-300x300-1.jpg","width":512,"height":512,"caption":"Growgood"},"image":{"@id":"https:\/\/growgood.fr\/#\/schema\/logo\/image\/"}}]}},"featured_media_urls":[],"_links":{"self":[{"href":"https:\/\/growgood.fr\/index.php\/wp-json\/wp\/v2\/pages\/7175","targetHints":{"allow":["GET"]}}],"collection":[{"href":"https:\/\/growgood.fr\/index.php\/wp-json\/wp\/v2\/pages"}],"about":[{"href":"https:\/\/growgood.fr\/index.php\/wp-json\/wp\/v2\/types\/page"}],"author":[{"embeddable":true,"href":"https:\/\/growgood.fr\/index.php\/wp-json\/wp\/v2\/users\/3"}],"replies":[{"embeddable":true,"href":"https:\/\/growgood.fr\/index.php\/wp-json\/wp\/v2\/comments?post=7175"}],"version-history":[{"count":4,"href":"https:\/\/growgood.fr\/index.php\/wp-json\/wp\/v2\/pages\/7175\/revisions"}],"predecessor-version":[{"id":7349,"href":"https:\/\/growgood.fr\/index.php\/wp-json\/wp\/v2\/pages\/7175\/revisions\/7349"}],"wp:attachment":[{"href":"https:\/\/growgood.fr\/index.php\/wp-json\/wp\/v2\/media?parent=7175"}],"wp:term":[{"taxonomy":"folder","embeddable":true,"href":"https:\/\/growgood.fr\/index.php\/wp-json\/wp\/v2\/folder?post=7175"}],"curies":[{"name":"wp","href":"https:\/\/api.w.org\/{rel}","templated":true}]}}